{"id":12,"date":"2024-08-21T03:56:17","date_gmt":"2024-08-21T03:56:17","guid":{"rendered":"https:\/\/smatec.vn\/?page_id=12"},"modified":"2024-08-22T02:24:21","modified_gmt":"2024-08-22T02:24:21","slug":"smartpa","status":"publish","type":"page","link":"https:\/\/smatec.vn\/index.php\/smartpa\/","title":{"rendered":"SmartPA"},"content":{"rendered":"\n<p>Gi\u1ea3i ph\u00e1p Truy\u1ec1n thanh th\u00f4ng minh SmartPA (Smart Public Address) ra \u0111\u1eddi nh\u1eb1m h\u1ed7 tr\u1ee3 \u0111\u1eafc l\u1ef1c cho c\u00e1c doanh nghi\u1ec7p, t\u1ed5 ch\u1ee9c, ch\u00ednh quy\u1ec1n trong vi\u1ec7c truy\u1ec1n th\u00f4ng b\u1eb1ng \u00e2m thanh theo m\u00f4 h\u00ecnh Server qu\u1ea3n l\u00fd t\u1eadp trung; cho ph\u00e9p truy c\u1eadp, bi\u00ean t\u1eadp, qu\u1ea3n l\u00fd m\u1ecdi l\u00fac, m\u1ecdi n\u01a1i th\u00f4ng qua nhi\u1ec1u lo\u1ea1i thi\u1ebft b\u1ecb nh\u01b0 \u0111i\u1ec7n tho\u1ea1i, m\u00e1y t\u00ednh b\u1ea3ng, laptop, PC. Ph\u00e1t tri\u1ec3n tr\u00ean n\u1ec1n t\u1ea3ng IoT, s\u1eed d\u1ee5ng c\u00f4ng ngh\u1ec7 IP v\u00e0 AI Text-to-speech, SmartPA kh\u1eafc ph\u1ee5c ho\u00e0n to\u00e0n nh\u1eefng nh\u01b0\u1ee3c \u0111i\u1ec3m c\u1ee7a h\u1ec7 th\u1ed1ng th\u00f4ng b\u00e1o c\u00f4ng c\u1ed9ng, truy\u1ec1n thanh h\u1eefu tuy\u1ebfn\/v\u00f4 tuy\u1ebfn truy\u1ec1n th\u1ed1ng nh\u01b0 chi ph\u00ed \u0111\u1ea7u t\u01b0 cao, v\u1eadn h\u00e0nh t\u1ed1n c\u00f4ng, kh\u00f3 qu\u1ea3n l\u00fd, s\u1eeda ch\u1eefa thi\u1ebft b\u1ecb, ch\u1ea5t l\u01b0\u1ee3ng \u00e2m thanh k\u00e9m, b\u1ecb nhi\u1ec5u ho\u1eb7c ch\u00e8n s\u00f3ng, kh\u00f4ng l\u00ean l\u1ecbch ph\u00e1t b\u1ea3n tin, kh\u00f4ng th\u1ec3 qu\u1ea3n l\u00fd t\u1eeb xa v\u00e0 tr\u00ean nhi\u1ec1u thi\u1ebft b\u1ecb.<\/p>\n\n\n\n<figure class=\"wp-block-image size-large\"><img loading=\"lazy\" decoding=\"async\" width=\"1024\" height=\"388\" src=\"https:\/\/smatec.vn\/wp-content\/uploads\/2024\/08\/MIRA-CE-1024x388.png\" alt=\"\" class=\"wp-image-77\" srcset=\"https:\/\/smatec.vn\/wp-content\/uploads\/2024\/08\/MIRA-CE-1024x388.png 1024w, https:\/\/smatec.vn\/wp-content\/uploads\/2024\/08\/MIRA-CE-300x114.png 300w, https:\/\/smatec.vn\/wp-content\/uploads\/2024\/08\/MIRA-CE-768x291.png 768w, https:\/\/smatec.vn\/wp-content\/uploads\/2024\/08\/MIRA-CE-1536x581.png 1536w, https:\/\/smatec.vn\/wp-content\/uploads\/2024\/08\/MIRA-CE-2048x775.png 2048w\" sizes=\"auto, (max-width: 1024px) 100vw, 1024px\" \/><\/figure>\n\n\n\n<p><strong>T\u00ednh n\u0103ng<\/strong><\/p>\n\n\n\n<p>\u2714\ufe0f Bi\u00ean t\u1eadp n\u1ed9i dung b\u1ea3n tin tr\u1ef1c ti\u1ebfp tr\u00ean ph\u1ea7n m\u1ec1m qu\u1ea3n l\u00fd <\/p>\n\n\n\n<p>\u2714\ufe0f Ngu\u1ed3n ph\u00e1t \u0111a d\u1ea1ng: Audio File, URL, FM, Live Microphone, Recording <\/p>\n\n\n\n<p>\u2714\ufe0f T\u00edch h\u1ee3p AI Text-to-speech chuy\u1ec3n \u0111\u1ed5i t\u1eeb v\u0103n b\u1ea3n sang gi\u1ecdng n\u00f3i<\/p>\n\n\n\n<p>\u2714\ufe0f T\u1ea1o v\u00e0 ph\u00e1t theo playlist <\/p>\n\n\n\n<p>\u2714\ufe0f \u0110\u1eb7t l\u1ecbch b\u1ea3n tin th\u00f4ng b\u00e1o <\/p>\n\n\n\n<p>\u2714\ufe0f Ph\u00e1t b\u1ea3n tin l\u1eb7p l\u1ea1i theo tu\u1ea7n, th\u00e1ng <\/p>\n\n\n\n<p> \u2714\ufe0f T\u00f9y ch\u1ec9nh m\u1ee9c \u0111\u1ed9 \u01b0u ti\u00ean c\u1ee7a c\u00e1c b\u1ea3n tin <\/p>\n\n\n\n<p> \u2714\ufe0f \u01afu ti\u00ean ph\u00e1t ngay c\u00e1c b\u1ea3n tin kh\u1ea9n c\u1ea5p <\/p>\n\n\n\n<p>  \u2714\ufe0f T\u00f9y ch\u1ecdn \u0111i\u1ec3m ph\u00e1t, ph\u00e1t h\u00e0ng lo\u1ea1t tr\u00ean c\u00e1c \u0111i\u1ec3m ph\u00e1t \u0111\u00e3 ch\u1ecdn <\/p>\n\n\n\n<p> \u2714\ufe0f Ph\u00e2n c\u1ea5p c\u00e1c \u0111i\u1ec3m ph\u00e1t theo c\u00e1c m\u1ee9c<\/p>\n\n\n\n<p><strong>L\u1ee3i \u00edch<\/strong><\/p>\n\n\n\n<p>1\ufe0f\u20e3 <strong><em>Gi\u1ea3i ph\u00e1p qu\u1ea3n l\u00fd hi\u1ec7u qu\u1ea3<\/em><\/strong><\/p>\n\n\n\n<p>\u2705 Qu\u1ea3n l\u00fd t\u1eadp trung v\u00e0 linh ho\u1ea1t thay cho qu\u1ea3n l\u00fd th\u1ee7 c\u00f4ng t\u1ea1i ch\u1ed7 v\u00e0 ph\u00e2n t\u00e1n<\/p>\n\n\n\n<p>\u2705 \u0110\u1ea3m b\u1ea3o t\u00ednh b\u1ea3o m\u1eadt c\u1ee7a th\u00f4ng tin n\u1ed9i b\u1ed9<\/p>\n\n\n\n<p>\u2705 \u0110\u1ea3m b\u1ea3o m\u1ef9 quan, kh\u00f4ng gian nh\u1edd thi\u1ebft b\u1ecb nh\u1ecf g\u1ecdn v\u00e0 c\u00f4ng ngh\u1ec7 truy\u1ec1n nh\u1eadn d\u1eef li\u1ec7u qua Ethernet\/3G\/4G\/Wifi<\/p>\n\n\n\n<p>\u2705 Thi\u1ebft b\u1ecb All-in-one t\u00edch h\u1ee3p \u0111\u1ea7y \u0111\u1ee7 c\u00e1c ch\u1ee9c n\u0103ng gi\u00fap t\u1ed1i \u01b0u chi ph\u00ed v\u00e0 gi\u1ea3m t\u1ed1i \u0111a c\u00f4ng s\u1ee9c v\u1eadn h\u00e0nh<\/p>\n\n\n\n<p>\u2705 Kh\u1eafc ph\u1ee5c c\u00e1c nh\u01b0\u1ee3c \u0111i\u1ec3m c\u1ee7a gi\u1ea3i ph\u00e1p truy\u1ec1n th\u1ed1ng nh\u01b0: Truy\u1ec1n t\u1ea3i th\u00f4ng tin ch\u1eadm, kh\u00f4ng \u0111\u1eb7t \u0111\u01b0\u1ee3c l\u1ecbch ph\u00e1t, kh\u00f4ng thu th\u1eadp \u0111\u01b0\u1ee3c ph\u1ea3n h\u1ed3i 2 chi\u1ec1u, kh\u00f4ng m\u1edf r\u1ed9ng ph\u00e1t tri\u1ec3n \u0111\u01b0\u1ee3c theo c\u00f4ng ngh\u1ec7 m\u1edbi, ch\u01b0a b\u1eaft k\u1ecbp xu th\u1ebf 4.0.<\/p>\n\n\n\n<p>2\ufe0f\u20e3 <em><strong>T\u1ed1i \u01b0u ngu\u1ed3n l\u1ef1c <\/strong><\/em><\/p>\n\n\n\n<p>\u2705 Gi\u1ea3m thi\u1ec3u 53% nh\u00e2n l\u1ef1c v\u1eadn h\u00e0nh so v\u1edbi gi\u1ea3i ph\u00e1p truy\u1ec1n th\u1ed1ng<\/p>\n\n\n\n<p>\u2705 T\u1ed1i \u01b0u chi ph\u00ed \u0111\u1ea7u t\u01b0 v\u00e0 chi ph\u00ed v\u1eadn h\u00e0nh: Ti\u1ebft ki\u1ec7m 25% so v\u1edbi gi\u1ea3i ph\u00e1p truy\u1ec1n th\u1ed1ng<\/p>\n\n\n\n<p>\u2705 T\u1ed1i \u01b0u th\u1eddi gian l\u1eafp \u0111\u1eb7t: L\u1eafp \u0111\u1ea1t nhanh g\u1ea5p 3 l\u1ea7n so v\u1edbi gi\u1ea3i ph\u00e1p truy\u1ec1n th\u1ed1ng<\/p>\n\n\n\n<p>3\ufe0f\u20e3<em> <strong>V\u1eadn h\u00e0nh h\u1ec7 th\u1ed1ng l\u1edbn<\/strong> <\/em><\/p>\n\n\n\n<p>\u2705 Cho ph\u00e9p tri\u1ec3n khai quy m\u00f4 l\u1edbn t\u1edbi h\u00e0ng ch\u1ee5c ngh\u00ecn \u0111i\u1ec3m, \u0111\u1ecba b\u00e0n r\u1ed9ng c\u00e1ch xa nhau c\u1ea5p t\u1ec9nh ho\u1eb7c qu\u1ed1c gia<\/p>\n\n\n\n<p>\u2705 M\u00f4 h\u00ecnh Server v\u00e0 c\u00f4ng ngh\u1ec7 IP gi\u00fap d\u1ec5 d\u00e0ng n\u00e2ng c\u1ea5p, m\u1edf r\u1ed9ng hay t\u00edch h\u1ee3p v\u1edbi c\u00e1c h\u1ec7 th\u1ed1ng gi\u1ea3i ph\u00e1p kh\u00e1c qua API<\/p>\n\n\n\n<p><strong>L\u0129nh v\u1ef1c \u1ee9ng d\u1ee5ng<\/strong><\/p>\n\n\n\n<p>\u2714\ufe0f Truy\u1ec1n thanh ph\u01b0\u1eddng x\u00e3, khu d\u00e2n c\u01b0<\/p>\n\n\n\n<p>\u2714\ufe0f V\u0103n ph\u00f2ng, c\u1eeda h\u00e0ng, si\u00eau th\u1ecb<\/p>\n\n\n\n<p>\u2714\ufe0f Khu c\u00f4ng nghi\u1ec7p <\/p>\n\n\n\n<p>\u2714\ufe0f Khu du l\u1ecbch<\/p>\n\n\n\n<p>\u2714\ufe0f Tr\u01b0\u1eddng h\u1ecdc, b\u1ec7nh vi\u1ec7n<\/p>\n\n\n\n<p>\u2714\ufe0f C\u00f4ng vi\u00ean, b\u00e3i \u0111\u1ed7 xe<\/p>\n\n\n\n<p><\/p>\n","protected":false},"excerpt":{"rendered":"<p>Gi\u1ea3i ph\u00e1p Truy\u1ec1n thanh th\u00f4ng minh SmartPA (Smart Public Address) ra \u0111\u1eddi nh\u1eb1m h\u1ed7 tr\u1ee3 \u0111\u1eafc l\u1ef1c cho c\u00e1c doanh nghi\u1ec7p, t\u1ed5 ch\u1ee9c, ch\u00ednh quy\u1ec1n trong vi\u1ec7c truy\u1ec1n th\u00f4ng b\u1eb1ng \u00e2m thanh theo m\u00f4 h\u00ecnh Server qu\u1ea3n l\u00fd t\u1eadp trung; cho ph\u00e9p truy c\u1eadp, bi\u00ean t\u1eadp, qu\u1ea3n l\u00fd m\u1ecdi l\u00fac, m\u1ecdi n\u01a1i th\u00f4ng qua nhi\u1ec1u [&hellip;]<\/p>\n","protected":false},"author":1,"featured_media":0,"parent":0,"menu_order":0,"comment_status":"closed","ping_status":"closed","template":"","meta":{"footnotes":""},"class_list":["post-12","page","type-page","status-publish","hentry"],"_links":{"self":[{"href":"https:\/\/smatec.vn\/index.php\/wp-json\/wp\/v2\/pages\/12","targetHints":{"allow":["GET"]}}],"collection":[{"href":"https:\/\/smatec.vn\/index.php\/wp-json\/wp\/v2\/pages"}],"about":[{"href":"https:\/\/smatec.vn\/index.php\/wp-json\/wp\/v2\/types\/page"}],"author":[{"embeddable":true,"href":"https:\/\/smatec.vn\/index.php\/wp-json\/wp\/v2\/users\/1"}],"replies":[{"embeddable":true,"href":"https:\/\/smatec.vn\/index.php\/wp-json\/wp\/v2\/comments?post=12"}],"version-history":[{"count":21,"href":"https:\/\/smatec.vn\/index.php\/wp-json\/wp\/v2\/pages\/12\/revisions"}],"predecessor-version":[{"id":78,"href":"https:\/\/smatec.vn\/index.php\/wp-json\/wp\/v2\/pages\/12\/revisions\/78"}],"wp:attachment":[{"href":"https:\/\/smatec.vn\/index.php\/wp-json\/wp\/v2\/media?parent=12"}],"curies":[{"name":"wp","href":"https:\/\/api.w.org\/{rel}","templated":true}]}}