{"id":16,"date":"2024-08-21T04:28:16","date_gmt":"2024-08-21T04:28:16","guid":{"rendered":"https:\/\/smatec.vn\/?page_id=16"},"modified":"2024-08-22T06:54:33","modified_gmt":"2024-08-22T06:54:33","slug":"smartgms","status":"publish","type":"page","link":"https:\/\/smatec.vn\/index.php\/smartgms\/","title":{"rendered":"SmartGMS"},"content":{"rendered":"\n<p>H\u1ec7 th\u1ed1ng gi\u00e1m s\u00e1t t\u1eadp trung SmartGMS (Smart General Monitoring System) l\u00e0 gi\u1ea3i ph\u00e1p gi\u00e1m s\u00e1t v\u00e0 \u0111i\u1ec1u khi\u1ec3n c\u00e1c thi\u1ebft b\u1ecb c\u01a1 \u0111i\u1ec7n, gi\u00fap t\u1ed1i \u01b0u c\u00f4ng t\u00e1c v\u1eadn h\u00e0nh v\u00e0 t\u0103ng c\u01b0\u1eddng an ninh \u2013 an to\u00e0n cho c\u00e1c tr\u1ea1m vi\u1ec5n th\u00f4ng, c\u00e2y ATM, nh\u00e0 x\u01b0\u1edfng, kho h\u00e0ng, chu\u1ed7i c\u1eeda h\u00e0ng, ph\u00f2ng m\u00e1y kh\u00f4ng ng\u01b0\u1eddi tr\u1ef1c\u2026 Ph\u00e1t tri\u1ec3n tr\u00ean n\u1ec1n t\u1ea3ng IoT, h\u1ec7 th\u1ed1ng \u0111\u01b0\u1ee3c x\u00e2y d\u1ef1ng theo m\u00f4 h\u00ecnh qu\u1ea3n l\u00fd d\u1eef li\u1ec7u t\u1eadp trung v\u1edbi m\u1ed9t h\u1ec7 th\u1ed1ng m\u00e1y ch\u1ee7 trung t\u00e2m (Cloud server), kh\u00f4ng nh\u1eefng t\u1ea1o ra kh\u1ea3 n\u0103ng qu\u1ea3n l\u00fd \u0111a \u0111i\u1ec3m m\u00e0 c\u00f2n gi\u00fap ph\u00f2ng ng\u1eeba v\u00e0 x\u1eed l\u00fd c\u00e1c s\u1ef1 c\u1ed1 m\u1ed9t c\u00e1ch ch\u1ee7 \u0111\u1ed9ng, t\u1eeb xa qua k\u1ebft n\u1ed1i 3G\/4G\/Ethernet.<\/p>\n\n\n\n<figure class=\"wp-block-image size-large\"><img loading=\"lazy\" decoding=\"async\" width=\"1024\" height=\"474\" src=\"https:\/\/smatec.vn\/wp-content\/uploads\/2024\/08\/SmartGMS-2-1024x474.png\" alt=\"\" class=\"wp-image-79\" srcset=\"https:\/\/smatec.vn\/wp-content\/uploads\/2024\/08\/SmartGMS-2-1024x474.png 1024w, https:\/\/smatec.vn\/wp-content\/uploads\/2024\/08\/SmartGMS-2-300x139.png 300w, https:\/\/smatec.vn\/wp-content\/uploads\/2024\/08\/SmartGMS-2-768x356.png 768w, https:\/\/smatec.vn\/wp-content\/uploads\/2024\/08\/SmartGMS-2-1536x711.png 1536w, https:\/\/smatec.vn\/wp-content\/uploads\/2024\/08\/SmartGMS-2-2048x948.png 2048w\" sizes=\"auto, (max-width: 1024px) 100vw, 1024px\" \/><\/figure>\n\n\n\n<p><strong>T\u00ednh n\u0103ng<\/strong><\/p>\n\n\n\n<p>\u2714\ufe0f Gi\u00e1m s\u00e1t m\u00f4i tr\u01b0\u1eddng (Nhi\u1ec7t \u0111\u1ed9, \u0111\u1ed9 \u1ea9m, ch\u00e1y n\u1ed5&#8230;)<\/p>\n\n\n\n<p>\u2714\ufe0f C\u1ea3nh b\u00e1o \u0111\u1ed9t nh\u1eadp (C\u1eeda m\u1edf, chuy\u1ec3n \u0111\u1ed9ng, camera an ninh)<\/p>\n\n\n\n<p>\u2714\ufe0f Gi\u00e1m s\u00e1t \u1eafc quy (\u0110i\u1ec7n \u00e1p, d\u00f2ng n\u1ea1p x\u1ea3, nhi\u1ec7t \u0111\u1ed9)<\/p>\n\n\n\n<p>\u2714\ufe0f Gi\u00e1m s\u00e1t ngu\u1ed3n \u0111i\u1ec7n (\u0110i\u1ec7n l\u01b0\u1edbi, m\u00e1y n\u1ed5, UPS, Rectifier\u2026)<\/p>\n\n\n\n<p>\u2714\ufe0f \u0110i\u1ec1u khi\u1ec3n t\u1eeb xa c\u00e1c thi\u1ebft b\u1ecb c\u01a1 \u0111i\u1ec7n (M\u00e1y n\u1ed5, \u0111i\u1ec1u h\u00f2a, qu\u1ea1t gi\u00f3, m\u00e1y h\u00fat \u1ea9m&#8230;)<\/p>\n\n\n\n<p>\u2714\ufe0f C\u1ea3nh b\u00e1o t\u1ea1i ch\u1ed7 b\u1eb1ng c\u00f2i, \u0111\u00e8n; c\u1ea3nh b\u00e1o t\u1eeb xa qua th\u00f4ng b\u00e1o tr\u00ean Mobile App, g\u1eedi tin nh\u1eafn SMS\/Email&#8230;<\/p>\n\n\n\n<p><strong>L\u1ee3i \u00edch<\/strong><\/p>\n\n\n\n<p>\u2714\ufe0f Cho ph\u00e9p qu\u1ea3n l\u00fd \u0111\u1ed3ng th\u1eddi, t\u1eeb xa l\u00ean t\u1edbi h\u00e0ng ch\u1ee5c ngh\u00ecn \u0111i\u1ec3m <\/p>\n\n\n\n<p>\u2714\ufe0f T\u1ed1i \u01b0u nh\u00e2n s\u1ef1, gi\u1ea3m chi ph\u00ed v\u00e0 t\u0103ng hi\u1ec7u su\u1ea5t h\u1ec7 th\u1ed1ng <\/p>\n\n\n\n<p>\u2714\ufe0f Duy tr\u00ec tr\u1ea1ng th\u00e1i ho\u1ea1t \u0111\u1ed9ng \u1ed5n \u0111\u1ecbnh c\u1ee7a c\u00e1c thi\u1ebft b\u1ecb <\/p>\n\n\n\n<p>\u2714\ufe0f Ti\u1ebft ki\u1ec7m \u0111i\u1ec7n n\u0103ng v\u00e0 nhi\u00ean li\u1ec7u<\/p>\n\n\n\n<p>\u2714\ufe0f C\u1ea3i thi\u1ec7n ch\u1ea5t l\u01b0\u1ee3ng v\u00e0 gia t\u0103ng tu\u1ed5i th\u1ecd thi\u1ebft b\u1ecb <\/p>\n\n\n\n<p>\u2714\ufe0f T\u0103ng c\u01b0\u1eddng c\u00f4ng t\u00e1c an ninh \u2013 an to\u00e0n<\/p>\n\n\n\n<p><strong>L\u0129nh v\u1ef1c \u1ee9ng d\u1ee5ng<\/strong><\/p>\n\n\n\n<p>\u2714\ufe0f Tr\u1ea1m vi\u1ec5n th\u00f4ng, truy\u1ec1n h\u00ecnh <\/p>\n\n\n\n<p>\u2714\ufe0f Ph\u00f2ng server <\/p>\n\n\n\n<p>\u2714\ufe0f Nh\u00e0 x\u01b0\u1edfng, kho thu\u1ed1c, kho l\u1ea1nh <\/p>\n\n\n\n<p>\u2714\ufe0f C\u00e2y ATM <\/p>\n\n\n\n<p>\u2714\ufe0f H\u1ec7 th\u1ed1ng quan tr\u1eafc v\u1ec1 m\u00f4i tr\u01b0\u1eddng (n\u01b0\u1edbc th\u1ea3i, kh\u00ed th\u1ea3i\u2026)<\/p>\n\n\n\n<p>\u2714\ufe0f Chu\u1ed7i c\u1eeda h\u00e0ng<\/p>\n","protected":false},"excerpt":{"rendered":"<p>H\u1ec7 th\u1ed1ng gi\u00e1m s\u00e1t t\u1eadp trung SmartGMS (Smart General Monitoring System) l\u00e0 gi\u1ea3i ph\u00e1p gi\u00e1m s\u00e1t v\u00e0 \u0111i\u1ec1u khi\u1ec3n c\u00e1c thi\u1ebft b\u1ecb c\u01a1 \u0111i\u1ec7n, gi\u00fap t\u1ed1i \u01b0u c\u00f4ng t\u00e1c v\u1eadn h\u00e0nh v\u00e0 t\u0103ng c\u01b0\u1eddng an ninh \u2013 an to\u00e0n cho c\u00e1c tr\u1ea1m vi\u1ec5n th\u00f4ng, c\u00e2y ATM, nh\u00e0 x\u01b0\u1edfng, kho h\u00e0ng, chu\u1ed7i c\u1eeda h\u00e0ng, ph\u00f2ng m\u00e1y [&hellip;]<\/p>\n","protected":false},"author":1,"featured_media":0,"parent":0,"menu_order":0,"comment_status":"closed","ping_status":"closed","template":"page.php","meta":{"footnotes":""},"class_list":["post-16","page","type-page","status-publish","hentry"],"_links":{"self":[{"href":"https:\/\/smatec.vn\/index.php\/wp-json\/wp\/v2\/pages\/16","targetHints":{"allow":["GET"]}}],"collection":[{"href":"https:\/\/smatec.vn\/index.php\/wp-json\/wp\/v2\/pages"}],"about":[{"href":"https:\/\/smatec.vn\/index.php\/wp-json\/wp\/v2\/types\/page"}],"author":[{"embeddable":true,"href":"https:\/\/smatec.vn\/index.php\/wp-json\/wp\/v2\/users\/1"}],"replies":[{"embeddable":true,"href":"https:\/\/smatec.vn\/index.php\/wp-json\/wp\/v2\/comments?post=16"}],"version-history":[{"count":21,"href":"https:\/\/smatec.vn\/index.php\/wp-json\/wp\/v2\/pages\/16\/revisions"}],"predecessor-version":[{"id":82,"href":"https:\/\/smatec.vn\/index.php\/wp-json\/wp\/v2\/pages\/16\/revisions\/82"}],"wp:attachment":[{"href":"https:\/\/smatec.vn\/index.php\/wp-json\/wp\/v2\/media?parent=16"}],"curies":[{"name":"wp","href":"https:\/\/api.w.org\/{rel}","templated":true}]}}